{"id":542,"date":"2023-12-19T10:20:10","date_gmt":"2023-12-19T10:20:10","guid":{"rendered":"https:\/\/teszt.morrisons2.hu\/?page_id=542"},"modified":"2024-03-18T14:10:28","modified_gmt":"2024-03-18T14:10:28","slug":"impressum-2","status":"publish","type":"page","link":"https:\/\/morrisons2.hu\/en\/impresszum\/","title":{"rendered":"Impressum"},"content":{"rendered":"<div data-elementor-type=\"wp-page\" data-elementor-id=\"542\" class=\"elementor elementor-542\" data-elementor-post-type=\"page\">\n\t\t\t\t<div class=\"elementor-element elementor-element-c2245c7 e-flex e-con-boxed e-con e-parent\" data-id=\"c2245c7\" data-element_type=\"container\" data-e-type=\"container\" data-settings=\"{&quot;background_background&quot;:&quot;classic&quot;,&quot;jet_parallax_layout_list&quot;:[]}\">\n\t\t\t\t\t<div class=\"e-con-inner\">\n\t\t\t\t<div class=\"elementor-element elementor-element-3cc4d90 elementor-widget__width-auto elementor-widget-tablet__width-auto elementor-widget-mobile__width-auto animated-fast elementor-invisible elementor-widget elementor-widget-global elementor-global-1925 elementor-widget-heading\" data-id=\"3cc4d90\" data-element_type=\"widget\" data-e-type=\"widget\" data-settings=\"{&quot;_animation&quot;:&quot;bounceInLeft&quot;}\" data-widget_type=\"heading.default\">\n\t\t\t\t<div class=\"elementor-widget-container\">\n\t\t\t\t\t<h2 class=\"elementor-heading-title elementor-size-default\">Impressum<\/h2>\t\t\t\t<\/div>\n\t\t\t\t<\/div>\n\t\t\t\t\t<\/div>\n\t\t\t\t<\/div>\n\t\t<div class=\"elementor-element elementor-element-f143ffc e-flex e-con-boxed e-con e-parent\" data-id=\"f143ffc\" data-element_type=\"container\" data-e-type=\"container\" data-settings=\"{&quot;jet_parallax_layout_list&quot;:[]}\">\n\t\t\t\t\t<div class=\"e-con-inner\">\n\t\t\t\t<div class=\"elementor-element elementor-element-647df88 elementor-widget elementor-widget-image\" data-id=\"647df88\" data-element_type=\"widget\" data-e-type=\"widget\" data-widget_type=\"image.default\">\n\t\t\t\t<div class=\"elementor-widget-container\">\n\t\t\t\t\t\t\t\t\t\t\t\t\t\t\t<img fetchpriority=\"high\" decoding=\"async\" width=\"1024\" height=\"159\" src=\"https:\/\/morrisons2.hu\/wp-content\/uploads\/2023\/05\/morrisons2_logo_BLACK.svg\" class=\"attachment-large size-large wp-image-182\" alt=\"\" \/>\t\t\t\t\t\t\t\t\t\t\t\t\t\t\t<\/div>\n\t\t\t\t<\/div>\n\t\t\t\t<div class=\"elementor-element elementor-element-bbad1c7 elementor-widget elementor-widget-text-editor\" data-id=\"bbad1c7\" data-element_type=\"widget\" data-e-type=\"widget\" data-widget_type=\"text-editor.default\">\n\t\t\t\t<div class=\"elementor-widget-container\">\n\t\t\t\t\t\t\t\t\t<h2><strong>Morrison's 2 nightclubs<\/strong><\/h2><p><strong>Operator:<\/strong> Honest Ltd.<br \/><strong>Seat:<\/strong> 1055 Budapest, Szent Istv\u00e1n krt. 11.<br \/><strong>Phone number:<\/strong> 374-33-29<br \/><strong>Company registration number:<\/strong> 01-09-569279<\/p><p><strong>Security service:<\/strong> Valton-Sec Ltd.<br \/><strong>Seat :<\/strong> 1111 Budapest Feh\u00e9rv\u00e1ri \u00fat 126-128.<br \/><strong>Company registration number:<\/strong> 01-09-365399<br \/><strong>Phone number:<\/strong> 06-1-872-2941<\/p><p><strong>Storage space provider:<\/strong> Kiber.net - Kibernet Kft.<br \/><strong>Address of the service provider:<\/strong> 1122 Budapest, V\u00e1rosmajor u. 1.c<\/p>\t\t\t\t\t\t\t\t<\/div>\n\t\t\t\t<\/div>\n\t\t\t\t\t<\/div>\n\t\t\t\t<\/div>\n\t\t\t\t<\/div>","protected":false},"excerpt":{"rendered":"<p>Morrison's 2 nightclub Operator: Becs\u00fcletes kft.Location: 1055 Budapest, Szent Istv\u00e1n krt. 11.Phone number: 374-33-29Company registration number: 01-09-569279 Security service: Valton-Sec Kft.Location : 1111 Budapest Feh\u00e9rv\u00e1ri \u00fat 126-128.Company registration number: 01-09-365399Phone number: 06-1-872-2941 Location service provider: Kiber.net - Kibernet Kft.Location service provider address: 1122 Budapest, V\u00e1rosmajor u. 1.c.c<\/p>","protected":false},"author":2,"featured_media":0,"parent":0,"menu_order":0,"comment_status":"closed","ping_status":"closed","template":"elementor_header_footer","meta":{"_acf_changed":false,"inline_featured_image":false,"footnotes":""},"class_list":["post-542","page","type-page","status-publish"],"acf":[],"_links":{"self":[{"href":"https:\/\/morrisons2.hu\/en\/wp-json\/wp\/v2\/pages\/542","targetHints":{"allow":["GET"]}}],"collection":[{"href":"https:\/\/morrisons2.hu\/en\/wp-json\/wp\/v2\/pages"}],"about":[{"href":"https:\/\/morrisons2.hu\/en\/wp-json\/wp\/v2\/types\/page"}],"author":[{"embeddable":true,"href":"https:\/\/morrisons2.hu\/en\/wp-json\/wp\/v2\/users\/2"}],"replies":[{"embeddable":true,"href":"https:\/\/morrisons2.hu\/en\/wp-json\/wp\/v2\/comments?post=542"}],"version-history":[{"count":0,"href":"https:\/\/morrisons2.hu\/en\/wp-json\/wp\/v2\/pages\/542\/revisions"}],"wp:attachment":[{"href":"https:\/\/morrisons2.hu\/en\/wp-json\/wp\/v2\/media?parent=542"}],"curies":[{"name":"wp","href":"https:\/\/api.w.org\/{rel}","templated":true}]}}